{"id":13,"date":"2024-08-15T09:52:49","date_gmt":"2024-08-15T09:52:49","guid":{"rendered":"https:\/\/cryptostreetrestaurant.com\/?page_id=13"},"modified":"2024-08-15T09:52:49","modified_gmt":"2024-08-15T09:52:49","slug":"politica-de-privacidad","status":"publish","type":"page","link":"https:\/\/cryptostreetrestaurant.com\/index.php\/politica-de-privacidad\/","title":{"rendered":"Pol\u00edtica de privacidad"},"content":{"rendered":"<p>Pol\u00edtica de privacidadopera el sitio web <a href=\"https:\/\/cryptostreetrestaurant.com\/\">https:\/\/cryptostreetrestaurant.com\/<\/a>, que proporciona el SERVICIO.<\/p>\n<p>Esta p\u00e1gina se utiliza para informar a los visitantes del sitio web sobre nuestras pol\u00edticas con la recopilaci\u00f3n, el uso y la divulgaci\u00f3n de informaci\u00f3n personal si alguien decide utilizar nuestro Servicio, el sitio web <a href=\"https:\/\/cryptostreetrestaurant.com\/\">cryptostreetrestaurant.com<\/a>.<\/p>\n<p>Si decide utilizar nuestro Servicio, acepta la recopilaci\u00f3n y el uso de informaci\u00f3n en relaci\u00f3n con esta pol\u00edtica. La informaci\u00f3n personal que recopilamos se utiliza para proporcionar y mejorar el Servicio. No usaremos ni compartiremos su informaci\u00f3n con nadie, excepto como se describe en esta Pol\u00edtica de privacidad.<\/p>\n<p>Los t\u00e9rminos utilizados en esta Pol\u00edtica de Privacidad tienen el mismo significado que en nuestros T\u00e9rminos y Condiciones, a los que se puede acceder en <a href=\"https:\/\/cryptostreetrestaurant.com\/\">https:\/\/cryptostreetrestaurant.com\/<\/a>, a menos que se defina lo contrario en esta Pol\u00edtica de Privacidad.<\/p>\n<h2>Recopilaci\u00f3n y uso de la informaci\u00f3n<\/h2>\n<p>Para una mejor experiencia al usar nuestro Servicio, es posible que le solicitemos que nos proporcione cierta informaci\u00f3n de identificaci\u00f3n personal, que incluye, entre otros, su nombre, n\u00famero de tel\u00e9fono y direcci\u00f3n postal. La informaci\u00f3n que recopilamos se utilizar\u00e1 para contactarlo o identificarlo.<\/p>\n<h2>Datos de registro<\/h2>\n<p>Queremos informarle que cada vez que visita nuestro Servicio, recopilamos informaci\u00f3n que su navegador nos env\u00eda que se denomina Datos de registro. Estos Datos de registro pueden incluir informaci\u00f3n como la direcci\u00f3n de Protocolo de Internet (&#8220;IP&#8221;) de su computadora, la versi\u00f3n del navegador, las p\u00e1ginas de nuestro Servicio que visita, la hora y la fecha de su visita, el tiempo que pas\u00f3 en esas p\u00e1ginas y otras estad\u00edsticas.<\/p>\n<h2>Galletas<\/h2>\n<p>Las cookies son archivos con una peque\u00f1a cantidad de datos que se utiliza com\u00fanmente como un identificador \u00fanico an\u00f3nimo. Estos se env\u00edan a su navegador desde el sitio web que visita y se almacenan en el disco duro de su computadora.<\/p>\n<p>Nuestro sitio web utiliza estas &#8220;cookies&#8221; para recopilar informaci\u00f3n y mejorar nuestro Servicio. Tiene la opci\u00f3n de aceptar o rechazar estas cookies, y saber cu\u00e1ndo se env\u00eda una cookie a su computadora. Si decide rechazar nuestras cookies, es posible que no pueda utilizar algunas partes de nuestro Servicio.<\/p>\n<h2>Proveedores de servicios<\/h2>\n<p>Podemos emplear a empresas e individuos de terceros debido a las siguientes razones:<\/p>\n<ul>\n<li>Para facilitar nuestro Servicio;<\/li>\n<li>Para prestar el Servicio en nuestro nombre;<\/li>\n<li>Para prestar servicios relacionados con el Servicio; o<\/li>\n<li>Para ayudarnos a analizar c\u00f3mo se utiliza nuestro Servicio.<\/li>\n<\/ul>\n<p>Queremos informar a los usuarios de nuestro Servicio que estos terceros tienen acceso a su Informaci\u00f3n Personal. El motivo es realizar las tareas que se les asignen en nuestro nombre. Sin embargo, est\u00e1n obligados a no divulgar ni utilizar la informaci\u00f3n para ning\u00fan otro prop\u00f3sito.<\/p>\n<h2>Seguridad<\/h2>\n<p>Valoramos su confianza al proporcionarnos su informaci\u00f3n personal, por lo que nos esforzamos por utilizar medios comercialmente aceptables para protegerla. Pero recuerde que ning\u00fan m\u00e9todo de transmisi\u00f3n a trav\u00e9s de Internet, o m\u00e9todo de almacenamiento electr\u00f3nico es 100% seguro y confiable, y no podemos garantizar su seguridad absoluta.<\/p>\n<h2>Enlaces a otros sitios<\/h2>\n<p>Nuestro Servicio puede contener enlaces a otros sitios. Si hace clic en un enlace de terceros, se le dirigir\u00e1 a ese sitio. Tenga en cuenta que estos sitios externos no son operados por nosotros. Por lo tanto, le recomendamos encarecidamente que revise la Pol\u00edtica de privacidad de estos sitios web. No tenemos control ni asumimos ninguna responsabilidad por el contenido, las pol\u00edticas de privacidad o las pr\u00e1cticas de los sitios o servicios de terceros.<\/p>\n<h2>Privacidad de los ni\u00f1os<\/h2>\n<p>Nuestros Servicios no se dirigen a menores de 13 a\u00f1os. No recopilamos a sabiendas informaci\u00f3n de identificaci\u00f3n personal de ni\u00f1os menores de 13 a\u00f1os. En el caso de que descubramos que un ni\u00f1o menor de 13 a\u00f1os nos ha proporcionado informaci\u00f3n personal, la eliminamos inmediatamente de nuestros servidores. Si usted es padre o tutor y sabe que su hijo nos ha proporcionado informaci\u00f3n personal, comun\u00edquese con nosotros para que podamos realizar las acciones necesarias.<\/p>\n<h2>Cambios a esta Pol\u00edtica de Privacidad<\/h2>\n<p>Es posible que actualicemos nuestra Pol\u00edtica de privacidad de vez en cuando. Por lo tanto, le recomendamos que revise esta p\u00e1gina peri\u00f3dicamente para ver si hay cambios. Le notificaremos cualquier cambio mediante la publicaci\u00f3n de la nueva Pol\u00edtica de privacidad en esta p\u00e1gina. Estos cambios entran en vigencia inmediatamente, despu\u00e9s de que se publiquen en esta p\u00e1gina.<\/p>\n<h2>Cont\u00e1ctenos<\/h2>\n<p>Si tiene alguna pregunta o sugerencia sobre nuestra Pol\u00edtica de Privacidad, no dude en ponerse en contacto con nosotros <a href=\"mailto:helpdesk@cryptostreetrestaurant.com\">helpdesk@cryptostreetrestaurant.com<\/a>.<\/p>\n","protected":false},"excerpt":{"rendered":"<p>Pol\u00edtica de privacidadopera el sitio web https:\/\/cryptostreetrestaurant.com\/, que proporciona el SERVICIO. Esta p\u00e1gina se utiliza para informar a los visitantes del sitio web sobre nuestras pol\u00edticas con la recopilaci\u00f3n, el uso y la divulgaci\u00f3n de informaci\u00f3n personal si alguien decide utilizar nuestro Servicio, el sitio web cryptostreetrestaurant.com. Si decide utilizar nuestro Servicio, acepta la recopilaci\u00f3n [&hellip;]<\/p>\n","protected":false},"author":1,"featured_media":0,"parent":0,"menu_order":0,"comment_status":"closed","ping_status":"closed","template":"","meta":{"footnotes":""},"class_list":["post-13","page","type-page","status-publish","hentry"],"aioseo_notices":[],"_links":{"self":[{"href":"https:\/\/cryptostreetrestaurant.com\/index.php\/wp-json\/wp\/v2\/pages\/13","targetHints":{"allow":["GET"]}}],"collection":[{"href":"https:\/\/cryptostreetrestaurant.com\/index.php\/wp-json\/wp\/v2\/pages"}],"about":[{"href":"https:\/\/cryptostreetrestaurant.com\/index.php\/wp-json\/wp\/v2\/types\/page"}],"author":[{"embeddable":true,"href":"https:\/\/cryptostreetrestaurant.com\/index.php\/wp-json\/wp\/v2\/users\/1"}],"replies":[{"embeddable":true,"href":"https:\/\/cryptostreetrestaurant.com\/index.php\/wp-json\/wp\/v2\/comments?post=13"}],"version-history":[{"count":1,"href":"https:\/\/cryptostreetrestaurant.com\/index.php\/wp-json\/wp\/v2\/pages\/13\/revisions"}],"predecessor-version":[{"id":14,"href":"https:\/\/cryptostreetrestaurant.com\/index.php\/wp-json\/wp\/v2\/pages\/13\/revisions\/14"}],"wp:attachment":[{"href":"https:\/\/cryptostreetrestaurant.com\/index.php\/wp-json\/wp\/v2\/media?parent=13"}],"curies":[{"name":"wp","href":"https:\/\/api.w.org\/{rel}","templated":true}]}}