{"id":17,"date":"2024-08-15T09:54:21","date_gmt":"2024-08-15T09:54:21","guid":{"rendered":"https:\/\/cryptostreetrestaurant.com\/?page_id=17"},"modified":"2024-08-15T09:54:21","modified_gmt":"2024-08-15T09:54:21","slug":"mas-informacion","status":"publish","type":"page","link":"https:\/\/cryptostreetrestaurant.com\/index.php\/mas-informacion\/","title":{"rendered":"M\u00e1s informaci\u00f3n"},"content":{"rendered":"<p><img loading=\"lazy\" decoding=\"async\" class=\" wp-image-18 alignright\" src=\"http:\/\/cryptostreetrestaurant.com\/wp-content\/uploads\/2024\/08\/444-300x200.jpg\" alt=\"Poker chips\" width=\"368\" height=\"245\" srcset=\"https:\/\/cryptostreetrestaurant.com\/wp-content\/uploads\/2024\/08\/444-300x200.jpg 300w, https:\/\/cryptostreetrestaurant.com\/wp-content\/uploads\/2024\/08\/444.jpg 612w\" sizes=\"auto, (max-width: 368px) 100vw, 368px\" \/><\/p>\n<p><strong>Cryptostreetrestaurant<\/strong> es un sitio web dedicado a proporcionar informaci\u00f3n actualizada y detallada sobre todas las noticias relacionadas con los casinos en M\u00e9xico. El sitio se enfoca en ofrecer a sus lectores las \u00faltimas novedades sobre las regulaciones, aperturas, promociones y eventos especiales en los casinos m\u00e1s destacados del pa\u00eds. Adem\u00e1s, tambi\u00e9n abarca noticias sobre juegos de azar, tecnolog\u00eda en el sector del entretenimiento y la evoluci\u00f3n del mercado de casinos en M\u00e9xico, convirti\u00e9ndose en un recurso valioso para los entusiastas y profesionales de la industria.<\/p>\n<p>El prop\u00f3sito de <a href=\"http:\/\/cryptostreetrestaurant.com\"><strong>Cryptostreetrestaurant<\/strong> <\/a>es ser la fuente principal de informaci\u00f3n para aquellos interesados en la industria de los casinos en M\u00e9xico, ya sea por motivos recreativos o profesionales. Al mantenerse actualizado con las tendencias y cambios en el sector, el sitio busca empoderar a sus lectores con el conocimiento necesario para tomar decisiones informadas, ya sea al elegir un casino para visitar, conocer las nuevas regulaciones, o entender c\u00f3mo las innovaciones tecnol\u00f3gicas est\u00e1n transformando el juego.<\/p>\n<p>El objetivo de <strong>Cryptostreetrestaurant<\/strong> es consolidarse como un referente en el \u00e1mbito de las noticias de casinos en M\u00e9xico, destac\u00e1ndose por su rigor period\u00edstico y su enfoque detallado. A trav\u00e9s de una cobertura amplia y precisa, el sitio pretende atraer a una audiencia diversa que incluya desde jugadores casuales hasta operadores de casinos y analistas de la industria. En \u00faltima instancia, <strong>Cryptostreetrestaurant<\/strong> aspira a ser una plataforma confiable y de calidad, donde la informaci\u00f3n relevante est\u00e9 siempre al alcance de quienes la buscan.<\/p>\n","protected":false},"excerpt":{"rendered":"<p>Cryptostreetrestaurant es un sitio web dedicado a proporcionar informaci\u00f3n actualizada y detallada sobre todas las noticias relacionadas con los casinos en M\u00e9xico. El sitio se enfoca en ofrecer a sus lectores las \u00faltimas novedades sobre las regulaciones, aperturas, promociones y eventos especiales en los casinos m\u00e1s destacados del pa\u00eds. Adem\u00e1s, tambi\u00e9n abarca noticias sobre juegos [&hellip;]<\/p>\n","protected":false},"author":1,"featured_media":0,"parent":0,"menu_order":0,"comment_status":"closed","ping_status":"closed","template":"","meta":{"footnotes":""},"class_list":["post-17","page","type-page","status-publish","hentry"],"aioseo_notices":[],"_links":{"self":[{"href":"https:\/\/cryptostreetrestaurant.com\/index.php\/wp-json\/wp\/v2\/pages\/17","targetHints":{"allow":["GET"]}}],"collection":[{"href":"https:\/\/cryptostreetrestaurant.com\/index.php\/wp-json\/wp\/v2\/pages"}],"about":[{"href":"https:\/\/cryptostreetrestaurant.com\/index.php\/wp-json\/wp\/v2\/types\/page"}],"author":[{"embeddable":true,"href":"https:\/\/cryptostreetrestaurant.com\/index.php\/wp-json\/wp\/v2\/users\/1"}],"replies":[{"embeddable":true,"href":"https:\/\/cryptostreetrestaurant.com\/index.php\/wp-json\/wp\/v2\/comments?post=17"}],"version-history":[{"count":1,"href":"https:\/\/cryptostreetrestaurant.com\/index.php\/wp-json\/wp\/v2\/pages\/17\/revisions"}],"predecessor-version":[{"id":19,"href":"https:\/\/cryptostreetrestaurant.com\/index.php\/wp-json\/wp\/v2\/pages\/17\/revisions\/19"}],"wp:attachment":[{"href":"https:\/\/cryptostreetrestaurant.com\/index.php\/wp-json\/wp\/v2\/media?parent=17"}],"curies":[{"name":"wp","href":"https:\/\/api.w.org\/{rel}","templated":true}]}}