{"id":20,"date":"2024-08-15T09:55:39","date_gmt":"2024-08-15T09:55:39","guid":{"rendered":"https:\/\/cryptostreetrestaurant.com\/?page_id=20"},"modified":"2024-08-15T09:55:39","modified_gmt":"2024-08-15T09:55:39","slug":"sobre-el-autor","status":"publish","type":"page","link":"https:\/\/cryptostreetrestaurant.com\/index.php\/sobre-el-autor\/","title":{"rendered":"Sobre el autor"},"content":{"rendered":"<p><img loading=\"lazy\" decoding=\"async\" class=\"size-full wp-image-21 alignleft\" src=\"http:\/\/cryptostreetrestaurant.com\/wp-content\/uploads\/2024\/08\/44.jpg\" alt=\"Luis Fernando Sandoval\n\" width=\"256\" height=\"256\" srcset=\"https:\/\/cryptostreetrestaurant.com\/wp-content\/uploads\/2024\/08\/44.jpg 256w, https:\/\/cryptostreetrestaurant.com\/wp-content\/uploads\/2024\/08\/44-150x150.jpg 150w\" sizes=\"auto, (max-width: 256px) 100vw, 256px\" \/><\/p>\n<p>Luis Fernando Sandoval es el redactor jefe de <a href=\"http:\/\/cryptostreetrestaurant.com\">Cryptostreetrestaurant<\/a>, con muchos a\u00f1os de experiencia en el campo del periodismo y los medios de comunicaci\u00f3n. Est\u00e1 especializado en cubrir noticias relacionadas con la industria de los casinos y el entretenimiento, especialmente en el contexto del mercado mexicano. Gracias a su experiencia y a su profundo conocimiento de las tendencias y retos del sector, Luis Fernando se ha labrado una reputaci\u00f3n como fuente de informaci\u00f3n fiable que garantiza la precisi\u00f3n y relevancia de las publicaciones del sitio.<\/p>\n<p>Como redactor jefe, Luis Fernando Sandoval dirige el equipo editorial, supervisando el proceso de preparaci\u00f3n de materiales desde la investigaci\u00f3n hasta la publicaci\u00f3n. Su principal objetivo es garantizar un alto nivel de calidad de los contenidos y el cumplimiento de la \u00e9tica period\u00edstica. Bajo su direcci\u00f3n, Cryptostreetrestaurant sigue creciendo, ofreciendo a sus lectores an\u00e1lisis en profundidad y las \u00faltimas noticias del mundo de los casinos, lo que convierte al sitio en un importante recurso para cualquier persona interesada en el tema.<\/p>\n","protected":false},"excerpt":{"rendered":"<p>Luis Fernando Sandoval es el redactor jefe de Cryptostreetrestaurant, con muchos a\u00f1os de experiencia en el campo del periodismo y los medios de comunicaci\u00f3n. Est\u00e1 especializado en cubrir noticias relacionadas con la industria de los casinos y el entretenimiento, especialmente en el contexto del mercado mexicano. Gracias a su experiencia y a su profundo conocimiento [&hellip;]<\/p>\n","protected":false},"author":1,"featured_media":0,"parent":0,"menu_order":0,"comment_status":"closed","ping_status":"closed","template":"","meta":{"footnotes":""},"class_list":["post-20","page","type-page","status-publish","hentry"],"aioseo_notices":[],"_links":{"self":[{"href":"https:\/\/cryptostreetrestaurant.com\/index.php\/wp-json\/wp\/v2\/pages\/20","targetHints":{"allow":["GET"]}}],"collection":[{"href":"https:\/\/cryptostreetrestaurant.com\/index.php\/wp-json\/wp\/v2\/pages"}],"about":[{"href":"https:\/\/cryptostreetrestaurant.com\/index.php\/wp-json\/wp\/v2\/types\/page"}],"author":[{"embeddable":true,"href":"https:\/\/cryptostreetrestaurant.com\/index.php\/wp-json\/wp\/v2\/users\/1"}],"replies":[{"embeddable":true,"href":"https:\/\/cryptostreetrestaurant.com\/index.php\/wp-json\/wp\/v2\/comments?post=20"}],"version-history":[{"count":1,"href":"https:\/\/cryptostreetrestaurant.com\/index.php\/wp-json\/wp\/v2\/pages\/20\/revisions"}],"predecessor-version":[{"id":22,"href":"https:\/\/cryptostreetrestaurant.com\/index.php\/wp-json\/wp\/v2\/pages\/20\/revisions\/22"}],"wp:attachment":[{"href":"https:\/\/cryptostreetrestaurant.com\/index.php\/wp-json\/wp\/v2\/media?parent=20"}],"curies":[{"name":"wp","href":"https:\/\/api.w.org\/{rel}","templated":true}]}}